{"id":351,"date":"2020-05-14T16:58:19","date_gmt":"2020-05-14T16:58:19","guid":{"rendered":"https:\/\/demo.creativethemes.com\/blocksy\/app\/?page_id=9"},"modified":"2024-09-04T16:57:13","modified_gmt":"2024-09-04T19:57:13","slug":"about","status":"publish","type":"page","link":"https:\/\/jeitocontabil.com\/index.php\/about\/","title":{"rendered":"Sobre"},"content":{"rendered":"\n<div class=\"wp-block-getwid-section alignfull getwid-margin-top-none getwid-margin-bottom-none getwid-section-content-custom-width\"><div class=\"wp-block-getwid-section__wrapper getwid-margin-left-none getwid-margin-right-none\" style=\"padding-top:250px;padding-bottom:150px\"><div class=\"wp-block-getwid-section__inner-wrapper\" style=\"max-width:700px\"><div class=\"wp-block-getwid-section__background-holder\"><div class=\"wp-block-getwid-section__background\" style=\"background-image:url('https:\/\/jeitocontabil.com\/wp-content\/uploads\/2020\/05\/pattern.jpg');background-repeat:repeat;background-size:auto\"><div class=\"wp-block-getwid-section__background-image-wrapper\"><img decoding=\"async\" class=\"wp-block-getwid-section__background-image\" src=\"https:\/\/jeitocontabil.com\/wp-content\/uploads\/2020\/05\/pattern.jpg\" alt=\"\"\/><\/div><\/div><div class=\"wp-block-getwid-section__foreground\" style=\"opacity:0.8;background-color:#121619\"><\/div><\/div><div class=\"wp-block-getwid-section__content\"><div class=\"wp-block-getwid-section__inner-content\">\n<div class=\"wp-block-getwid-advanced-heading has-custom-font-size fs-mobile-80\" style=\"font-size:60px\"><h2 class=\"wp-block-getwid-advanced-heading__content has-text-color has-palette-color-5-color\" style=\"text-align:center;line-height:1.2em\">O que \u00e9 a Jeito Cont\u00e1bil?<\/h2><\/div>\n\n\n\n<div class=\"wp-block-getwid-advanced-spacer\" style=\"height:20px\" aria-hidden=\"true\"><\/div>\n\n\n\n<p class=\"has-text-align-center has-palette-color-5-color has-text-color\">O Jeito Cont\u00e1bil \u00e9 uma organiza\u00e7\u00e3o atuante no segmento cont\u00e1bil, desde a cria\u00e7\u00e3o de conte\u00fados para difus\u00e3o de conhecimentos e, em breve, na presta\u00e7\u00e3o de consultorias cont\u00e1bil. Tamb\u00e9m desenvolvemos ferramentas para os empreendedores que buscam organizar sua gest\u00e3o e facilitar o controle de seus processos.<\/p>\n<\/div><\/div><\/div><\/div><\/div>\n\n\n\n<div class=\"wp-block-getwid-section alignfull alignfull getwid-margin-top-none getwid-margin-bottom-none\"><div class=\"wp-block-getwid-section__wrapper getwid-padding-mobile-top-large getwid-padding-mobile-bottom-large getwid-margin-left-none getwid-margin-right-none\" style=\"padding-top:50px;padding-bottom:150px\"><div class=\"wp-block-getwid-section__inner-wrapper\"><div class=\"wp-block-getwid-section__background-holder\"><div class=\"wp-block-getwid-section__background has-background\" style=\"background-color:#111518\"><\/div><div class=\"wp-block-getwid-section__foreground\"><\/div><\/div><div class=\"wp-block-getwid-section__content\"><div class=\"wp-block-getwid-section__inner-content\">\n<div class=\"wp-block-columns is-layout-flex wp-container-core-columns-is-layout-28f84493 wp-block-columns-is-layout-flex\">\n<div class=\"wp-block-column is-layout-flow wp-block-column-is-layout-flow\">\n<div class=\"wp-block-getwid-images-stack\"><div class=\"wp-block-getwid-images-stack__wrapper\"><div class=\"wp-block-getwid-images-stack__chunk\"><div class=\"wp-block-getwid-images-stack__media-wrapper\"><div class=\"wp-block-getwid-images-stack__media-inner-wrapper\"><img loading=\"lazy\" decoding=\"async\" width=\"1024\" height=\"1024\" class=\"wp-block-getwid-images-stack__media wp-image-585\" src=\"https:\/\/jeitocontabil.com\/wp-content\/uploads\/2024\/09\/1x1_Make_this_image_in_a_more_techno-1.png\" data-id=\"585\" data-link=\"https:\/\/jeitocontabil.com\/?attachment_id=585\" srcset=\"https:\/\/jeitocontabil.com\/wp-content\/uploads\/2024\/09\/1x1_Make_this_image_in_a_more_techno-1.png 1024w, https:\/\/jeitocontabil.com\/wp-content\/uploads\/2024\/09\/1x1_Make_this_image_in_a_more_techno-1-300x300.png 300w, https:\/\/jeitocontabil.com\/wp-content\/uploads\/2024\/09\/1x1_Make_this_image_in_a_more_techno-1-150x150.png 150w, https:\/\/jeitocontabil.com\/wp-content\/uploads\/2024\/09\/1x1_Make_this_image_in_a_more_techno-1-768x768.png 768w\" sizes=\"auto, (max-width: 1024px) 100vw, 1024px\" \/><\/div><\/div><div class=\"wp-block-getwid-images-stack__media-wrapper\"><div class=\"wp-block-getwid-images-stack__media-inner-wrapper\"><img loading=\"lazy\" decoding=\"async\" width=\"1024\" height=\"1024\" class=\"wp-block-getwid-images-stack__media wp-image-586\" src=\"https:\/\/jeitocontabil.com\/wp-content\/uploads\/2024\/09\/1x1_Swap_the_tablet_this_man_is_hold-1.png\" data-id=\"586\" data-link=\"https:\/\/jeitocontabil.com\/?attachment_id=586\" srcset=\"https:\/\/jeitocontabil.com\/wp-content\/uploads\/2024\/09\/1x1_Swap_the_tablet_this_man_is_hold-1.png 1024w, https:\/\/jeitocontabil.com\/wp-content\/uploads\/2024\/09\/1x1_Swap_the_tablet_this_man_is_hold-1-300x300.png 300w, https:\/\/jeitocontabil.com\/wp-content\/uploads\/2024\/09\/1x1_Swap_the_tablet_this_man_is_hold-1-150x150.png 150w, https:\/\/jeitocontabil.com\/wp-content\/uploads\/2024\/09\/1x1_Swap_the_tablet_this_man_is_hold-1-768x768.png 768w\" sizes=\"auto, (max-width: 1024px) 100vw, 1024px\" \/><\/div><\/div><div class=\"wp-block-getwid-images-stack__media-wrapper\"><div class=\"wp-block-getwid-images-stack__media-inner-wrapper\"><img loading=\"lazy\" decoding=\"async\" width=\"560\" height=\"658\" class=\"wp-block-getwid-images-stack__media wp-image-589\" src=\"https:\/\/jeitocontabil.com\/wp-content\/uploads\/2024\/09\/mulher-tela2.png\" data-id=\"589\" data-link=\"https:\/\/jeitocontabil.com\/?attachment_id=589\" srcset=\"https:\/\/jeitocontabil.com\/wp-content\/uploads\/2024\/09\/mulher-tela2.png 560w, https:\/\/jeitocontabil.com\/wp-content\/uploads\/2024\/09\/mulher-tela2-255x300.png 255w\" sizes=\"auto, (max-width: 560px) 100vw, 560px\" \/><\/div><\/div><\/div><\/div><\/div>\n<\/div>\n\n\n\n<div class=\"wp-block-column is-vertically-aligned-center is-layout-flow wp-block-column-is-layout-flow\">\n<h2 class=\"wp-block-heading has-palette-color-5-color has-text-color\"><strong>Miss\u00e3o, Vis\u00e3o e Valores<\/strong><\/h2>\n\n\n\n<p class=\"has-text-color\" style=\"color:#6c737d\">Toda empresa precisa saber se posicionar no mercado, assim tanto os clientes quanto os colaboradores poder\u00e3o se relacionar com seguran\u00e7a. Nossa posi\u00e7\u00e3o ent\u00e3o \u00e9:<\/p>\n\n\n\n<div class=\"wp-block-getwid-advanced-spacer\" style=\"height:50px\" aria-hidden=\"true\"><\/div>\n\n\n\n<div class=\"wp-block-getwid-image-box has-image-left has-text-center has-mobile-layout-default has-mobile-alignment-default\"><div class=\"wp-block-getwid-image-box__image-container is-position-top\"><div class=\"wp-block-getwid-image-box__image-wrapper\"><img decoding=\"async\" src=\"https:\/\/jeitocontabil.com\/wp-content\/uploads\/2020\/05\/1.svg\" alt=\"\" class=\"wp-block-getwid-image-box__image wp-image-313\"\/><\/div><\/div><div class=\"wp-block-getwid-image-box__content\">\n<h4 class=\"wp-block-heading has-text-align-left has-palette-color-5-color has-text-color\">Miss\u00e3o<\/h4>\n\n\n\n<p class=\"has-text-align-left has-text-color\" style=\"color:#6c737d\">Vamos <strong>trazer oportunidade aos pequenos empreendedores<\/strong> e <strong>quebrar as barreiras culturais que sufocam o trabalho e destroem a qualidade de vida<\/strong>, para <strong>criar uma nova gera\u00e7\u00e3o de empreendedores que gerem empregos<\/strong>, mas <strong>n\u00e3o vivam apenas para o trabalho e sim trabalhem para viver<\/strong>. Iremos fazer isso construindo uma parceria com os empreendedores e recuperando o espa\u00e7o da contabilidade no dia-a-dia das organiza\u00e7\u00f5es.<\/p>\n<\/div><\/div>\n\n\n\n<div class=\"wp-block-getwid-advanced-spacer\" style=\"height:50px\" aria-hidden=\"true\"><\/div>\n\n\n\n<div class=\"wp-block-getwid-image-box has-image-left has-text-center has-mobile-layout-default has-mobile-alignment-default\"><div class=\"wp-block-getwid-image-box__image-container is-position-top\"><div class=\"wp-block-getwid-image-box__image-wrapper\"><img decoding=\"async\" src=\"https:\/\/jeitocontabil.com\/wp-content\/uploads\/2020\/05\/2.svg\" alt=\"\" class=\"wp-block-getwid-image-box__image wp-image-314\"\/><\/div><\/div><div class=\"wp-block-getwid-image-box__content\">\n<h4 class=\"wp-block-heading has-text-align-left has-palette-color-5-color has-text-color\">Vis\u00e3o<\/h4>\n\n\n\n<p class=\"has-text-align-left has-text-color\" style=\"color:#6c737d\">Ser reconhecido pelos empreendedores como um aliado e parceiro, trazendo a aplica\u00e7\u00e3o de conhecimentos para o dia-a-dia das empresas.<\/p>\n<\/div><\/div>\n\n\n\n<div class=\"wp-block-getwid-advanced-spacer\" style=\"height:50px\" aria-hidden=\"true\"><\/div>\n\n\n\n<div class=\"wp-block-getwid-image-box has-image-left has-text-center has-mobile-layout-default has-mobile-alignment-default\"><div class=\"wp-block-getwid-image-box__image-container is-position-top\"><div class=\"wp-block-getwid-image-box__image-wrapper\"><img decoding=\"async\" src=\"https:\/\/jeitocontabil.com\/wp-content\/uploads\/2020\/05\/3.svg\" alt=\"\" class=\"wp-block-getwid-image-box__image wp-image-315\"\/><\/div><\/div><div class=\"wp-block-getwid-image-box__content\">\n<h4 class=\"wp-block-heading has-text-align-left has-palette-color-5-color has-text-color\"><strong>Valores<\/strong><\/h4>\n\n\n\n<p class=\"has-text-align-left has-text-color\" style=\"color:#6c737d\">Ser <strong>honesto<\/strong> em suas atividades e com os clientes; ser <strong>justo<\/strong> ao se negociar e oferecer servi\u00e7os compreendendo as reais necessidades dos clientes; ser <strong>compreensivo<\/strong> tanto com os colaboradores como com os clientes; ter uma metodologia <strong>organizada<\/strong> em todas os processos para transmitir seguran\u00e7a os clientes e colaboradores.<\/p>\n<\/div><\/div>\n\n\n\n<div class=\"wp-block-getwid-advanced-spacer\" style=\"height:50px\" aria-hidden=\"true\"><\/div>\n<\/div>\n<\/div>\n<\/div><\/div><\/div><\/div><\/div>\n\n\n\n<div class=\"wp-block-getwid-section alignfull alignfull getwid-margin-top-none getwid-margin-bottom-none\"><div class=\"wp-block-getwid-section__wrapper getwid-padding-mobile-top-large getwid-padding-mobile-bottom-large getwid-margin-left-none getwid-margin-right-none\" style=\"padding-top:150px;padding-bottom:150px\"><div class=\"wp-block-getwid-section__inner-wrapper\"><div class=\"wp-block-getwid-section__background-holder\"><div class=\"wp-block-getwid-section__background has-background\" style=\"background-color:#f6f7f9\"><\/div><div class=\"wp-block-getwid-section__foreground\"><\/div><\/div><div class=\"wp-block-getwid-section__content\"><div class=\"wp-block-getwid-section__inner-content\">\n<h2 class=\"wp-block-heading has-text-align-center\"><\/h2>\n\n\n\n<p class=\"has-text-align-center has-medium-font-size\"><\/p>\n\n\n\n<div class=\"wp-block-getwid-advanced-spacer\" style=\"height:30px\" aria-hidden=\"true\"><\/div>\n\n\n\n<div class=\"wp-block-columns is-layout-flex wp-container-core-columns-is-layout-28f84493 wp-block-columns-is-layout-flex\">\n<div class=\"wp-block-column is-vertically-aligned-center is-layout-flow wp-block-column-is-layout-flow\"><\/div>\n\n\n\n<div class=\"wp-block-column is-vertically-aligned-center is-layout-flow wp-block-column-is-layout-flow\"><\/div>\n\n\n\n<div class=\"wp-block-column is-vertically-aligned-center is-layout-flow wp-block-column-is-layout-flow\"><\/div>\n\n\n\n<div class=\"wp-block-column is-vertically-aligned-center is-layout-flow wp-block-column-is-layout-flow\"><\/div>\n\n\n\n<div class=\"wp-block-column is-vertically-aligned-center is-layout-flow wp-block-column-is-layout-flow\"><\/div>\n\n\n\n<div class=\"wp-block-column is-vertically-aligned-center is-layout-flow wp-block-column-is-layout-flow\"><\/div>\n<\/div>\n<\/div><\/div><\/div><\/div><\/div>\n","protected":false},"excerpt":{"rendered":"","protected":false},"author":1,"featured_media":0,"parent":0,"menu_order":0,"comment_status":"closed","ping_status":"closed","template":"","meta":{"footnotes":""},"class_list":["post-351","page","type-page","status-publish","hentry"],"blocksy_meta":{"page_title_panel":"","has_hero_section":"disabled","eea4399b5f383c8bc3755283e7ce2375":"","hero_section":"type-1","hero_elements":[{"id":"custom_title","enabled":true,"heading_tag":"h1","title":"Home"},{"id":"custom_description","enabled":true,"description_visibility":{"desktop":true,"tablet":true,"mobile":false}},{"id":"custom_meta","enabled":true,"has_meta_avatar":"yes","single_meta_elements":{"author":false,"date":false,"categories":false,"comments":false,"updated":false,"tags":false},"page_meta_elements":{"joined":true,"articles_count":true,"comments":true}},{"id":"breadcrumbs","enabled":false}],"308583fd992358cce14e6f907aaf87d7":"","hero_alignment1":"left","hero_alignment2":"center","hero_height":"230px","page_title_bg_type":"color","custom_hero_background":{"attachment_id":null},"parallax":{"desktop":false,"tablet":false,"mobile":false},"pageTitleFont":{"family":"Default","variation":"Default","size":{"desktop":"32px","tablet":"30px","mobile":"25px"},"line-height":"1.3","letter-spacing":"CT_CSS_SKIP_RULE","text-transform":"CT_CSS_SKIP_RULE","text-decoration":"CT_CSS_SKIP_RULE"},"pageTitleFontColor":{"default":{"color":"CT_CSS_SKIP_RULEDEFAULT"}},"pageMetaFont":{"family":"Default","variation":"n6","size":{"desktop":"12px","tablet":"12px","mobile":"12px"},"line-height":"1.3","letter-spacing":"CT_CSS_SKIP_RULE","text-transform":"uppercase","text-decoration":"CT_CSS_SKIP_RULE"},"pageMetaFontColor":{"default":{"color":"CT_CSS_SKIP_RULEDEFAULT"},"hover":{"color":"CT_CSS_SKIP_RULEDEFAULT"}},"pageExcerptFont":{"family":"Default","variation":"n5","size":"CT_CSS_SKIP_RULE","line-height":"CT_CSS_SKIP_RULE","letter-spacing":"CT_CSS_SKIP_RULE","text-transform":"CT_CSS_SKIP_RULE","text-decoration":"CT_CSS_SKIP_RULE"},"pageExcerptColor":{"default":{"color":"CT_CSS_SKIP_RULEDEFAULT"}},"breadcrumbsFont":{"family":"Default","variation":"n6","size":"12px","line-height":"CT_CSS_SKIP_RULE","letter-spacing":"CT_CSS_SKIP_RULE","text-transform":"uppercase","text-decoration":"CT_CSS_SKIP_RULE"},"breadcrumbsFontColor":{"default":{"color":"CT_CSS_SKIP_RULEDEFAULT"},"initial":{"color":"CT_CSS_SKIP_RULEDEFAULT"},"hover":{"color":"CT_CSS_SKIP_RULEDEFAULT"}},"pageTitleOverlay":{"default":{"color":"rgba(41, 51, 60, 0.2)"}},"pageTitleBackground":{"background_type":"color","background_pattern":"type-1","background_image":{"attachment_id":null,"x":0,"y":0},"background_repeat":"no-repeat","background_size":"auto","background_attachment":"scroll","patternColor":{"default":{"color":"#e5e7ea"}},"backgroundColor":{"default":{"color":"#EDEFF2"}}},"4042796eccbef32dec9e3e2284116f97":"","page_structure_type":"default","page_enable_vertical_spacing":"no","e802d5b832fa72c9f24aba6a100ddd9a":"","disable_featured_image":"no","ddaf8212b14a073d074edfaec2ad5d47":"","ad72c7c57d199e4e4e974ef37d177094":"","hero_structure":"narrow","b5da4fbb4e0037efb80e6fb2636c83b2":"","content_style":"inherit","vertical_spacing_source":"custom","content_area_spacing":"none","background":{"background_type":"color","background_pattern":"type-1","background_image":{"attachment_id":null,"x":0,"y":0},"background_repeat":"no-repeat","background_size":"auto","background_attachment":"scroll","patternColor":{"default":{"color":"#e5e7ea"}},"backgroundColor":{"default":{"color":"CT_CSS_SKIP_RULE"}}},"content_background":{"background_type":"color","background_pattern":"type-1","background_image":{"attachment_id":null,"x":0,"y":0},"background_repeat":"no-repeat","background_size":"auto","background_attachment":"scroll","patternColor":{"default":{"color":"#e5e7ea"}},"backgroundColor":{"default":{"color":"#ffffff"}}},"content_boxed_spacing":{"desktop":"40px","tablet":"35px","mobile":"20px"},"content_boxed_radius":{"top":"3px","bottom":"3px","left":"3px","right":"3px","linked":true},"content_boxed_shadow":{"blur":18,"spread":-6,"v_offset":12,"h_offset":0,"inset":false,"enable":true,"color":{"color":"rgba(34, 56, 101, 0.04)"}},"13624d21c49f030a85d3052ac7768af0":"","styles_descriptor":{"styles":{"desktop":"","tablet":"","mobile":""},"google_fonts":[]}},"_links":{"self":[{"href":"https:\/\/jeitocontabil.com\/index.php\/wp-json\/wp\/v2\/pages\/351","targetHints":{"allow":["GET"]}}],"collection":[{"href":"https:\/\/jeitocontabil.com\/index.php\/wp-json\/wp\/v2\/pages"}],"about":[{"href":"https:\/\/jeitocontabil.com\/index.php\/wp-json\/wp\/v2\/types\/page"}],"author":[{"embeddable":true,"href":"https:\/\/jeitocontabil.com\/index.php\/wp-json\/wp\/v2\/users\/1"}],"replies":[{"embeddable":true,"href":"https:\/\/jeitocontabil.com\/index.php\/wp-json\/wp\/v2\/comments?post=351"}],"version-history":[{"count":6,"href":"https:\/\/jeitocontabil.com\/index.php\/wp-json\/wp\/v2\/pages\/351\/revisions"}],"predecessor-version":[{"id":597,"href":"https:\/\/jeitocontabil.com\/index.php\/wp-json\/wp\/v2\/pages\/351\/revisions\/597"}],"wp:attachment":[{"href":"https:\/\/jeitocontabil.com\/index.php\/wp-json\/wp\/v2\/media?parent=351"}],"curies":[{"name":"wp","href":"https:\/\/api.w.org\/{rel}","templated":true}]}}